{"id":280,"date":"2018-03-11T01:13:49","date_gmt":"2018-03-11T01:13:49","guid":{"rendered":"http:\/\/lubamer.com\/?page_id=280"},"modified":"2018-03-13T20:01:20","modified_gmt":"2018-03-13T20:01:20","slug":"como-verificar-producto","status":"publish","type":"page","link":"http:\/\/lubamer.com\/?page_id=280","title":{"rendered":"COMO PREVENIR LA PIRATERIA"},"content":{"rendered":"<p><span style=\"color: #ff0000;\"><strong>Este articulo busca informar al p\u00fablico Boliviano de cuan corrupto es el mercado automotor en cuanto a lubricantes.<\/strong><\/span><\/p>\n<p>Esta informaci\u00f3n no solo es para nuestro producto sino tambi\u00e9n ayudara a identificar otro tipo de Aceites e Hidr\u00e1ulicos Americanos. Dado que el nuestro no es el \u00fanico siendo imitado en el mercado, obviado por otras marcas inferiores por comisi\u00f3n o avaricia extrema.<\/p>\n<p>Ejemplo:1700bs por un cambio de aceite en una CASA AUTOMOVILIARIA.<\/p>\n<p><strong>COMO VERIFICAR SI EL QUALITY SUPREME\u2122 QUE COMPRE ES EL ORIGINAL?<\/strong><\/p>\n<p>-Para empezar Quality Supreme\u2122 es una marca que ya lleva alrededor de 20 a\u00f1os en el mercado boliviano. Si compra un hidr\u00e1ulico que lleve la palabra Quality seguido de otra que no sea \u201cSupreme\u201d. Este Hidr\u00e1ulico es 100% falso e imitaci\u00f3n.\u00a0Quality Supreme\u2122 es una marca registrada en EEUU como pueden observar en el link a continuaci\u00f3n.<\/p>\n<p>https:\/\/www.trademarkia.com\/quality-supreme-77394089.html<\/p>\n<p>-Esta marca es comercializada a nivel internacional. No solo en Bolivia como las imitaciones. Quality Supreme\u2122 se encuentra en pa\u00edses como Ecuador, M\u00e9xico y EEUU. Una b\u00fasqueda en Google le brindara informaci\u00f3n al respecto. Si usted intenta buscar las imitaciones. No encontrada nada mas all\u00e1 del mercado boliviano.<\/p>\n<p>-A partir del 2018 todos los Quality Supreme\u2122 vienen con tapa roja.<\/p>\n<p>&nbsp;<\/p>\n<p><strong>CODIGO DE FABRICACION<\/strong><\/p>\n<p>Muchos aceites americanos tienen un c\u00f3digo de producci\u00f3n en la parte de la botella. Si usted utiliza una linterna podr\u00e1 ver la fecha de fabricaci\u00f3n como tambi\u00e9n el c\u00f3digo del producto. Este c\u00f3digo tambi\u00e9n se encuentra en el exterior de la caja indicando la fabricaci\u00f3n del envase.<\/p>\n<p><em>Si usted no ve este c\u00f3digo. Su hidr\u00e1ulico o aceite es 100% falso.<\/em><\/p>\n<p>&nbsp;<\/p>\n<p><img loading=\"lazy\" class=\"alignnone size-large wp-image-292\" src=\"http:\/\/lubamer.com\/wp-content\/uploads\/2018\/03\/Verificacion-de-Qsupreme-1024x576.jpg\" alt=\"\" width=\"640\" height=\"360\" srcset=\"http:\/\/lubamer.com\/wp-content\/uploads\/2018\/03\/Verificacion-de-Qsupreme-1024x576.jpg 1024w, http:\/\/lubamer.com\/wp-content\/uploads\/2018\/03\/Verificacion-de-Qsupreme-300x169.jpg 300w, http:\/\/lubamer.com\/wp-content\/uploads\/2018\/03\/Verificacion-de-Qsupreme-768x432.jpg 768w, http:\/\/lubamer.com\/wp-content\/uploads\/2018\/03\/Verificacion-de-Qsupreme.jpg 1920w\" sizes=\"(max-width: 640px) 100vw, 640px\" \/><\/p>\n<p>&nbsp;<\/p>\n<p><strong>\u00bfSi son falsos porque la ANH no hace nada?<\/strong><\/p>\n<p>La ANH solo sigue el procedimiento de regulaci\u00f3n e importaci\u00f3n de Aceites que sigan sus par\u00e1metros establecidos, por ejemplo Dexron 3, 0w20 etc. Los hidr\u00e1ulicos Tipo A y otros tipos de aceites no est\u00e1n incluidos, por lo cual no se revisa si son reciclados, o falsificados.<\/p>\n<p>&nbsp;<\/p>\n<p><strong>\u00a1COMO LO ENGA\u00d1AN LOS MECANICOS!<\/strong><\/p>\n<p>-Tenga en cuenta que muchos mec\u00e1nicos en Bolivia reciben comisi\u00f3n de acuerdo al lubricante que le recomiendan.\u00a0<span style=\"color: #ff0000;\"><strong>Mantenerse alejado de estos mecanicos<\/strong>.\u00a0<\/span>Ya que algunos recomiendan basura solo para recibir comisi\u00f3n. Un buen mec\u00e1nico y honesto le podra aceptar diferentes marcas de lubricantes siempre y cuando los datos del hidr\u00e1ulico o aceite que usted desee usar logren superar\u00a0 una tabla est\u00e1ndar donde se analizan datos como ,\u00edndice de viscosidad, Punto inflamaci\u00f3n ,congelaci\u00f3n, entre otros,(informaci\u00f3n que se encuentra en la parte trasera del envase). Si su mec\u00e1nico solo se basa en la marca o precio. Lamentablemente esta lidiando con un mec\u00e1nico que no posee conocimiento de mec\u00e1nica alguna. Esto tambi\u00e9n es muy com\u00fan en las casas automoviliarias. Estos ganan mucho m\u00e1s por el servicio de su auto que por la venta.<\/p>\n<p>En muchos casos si usted utiliza otra marca de\u00a0aceite del cuales ellos importan. Usted pierde la garant\u00eda de su veh\u00edculo y no se hacen responsables por cualquier tipo de da\u00f1o. Tome en cuenta que ellos importan estos aceites por turriles y para ellos los costos de su aceite son m\u00ednimos por cambio , menos de 100bs, mientras a usted le otorgan una factura por m\u00e1s de 900bs dependiendo del tama\u00f1o de su veh\u00edculo.<\/p>\n<p><img loading=\"lazy\" class=\"alignnone size-large wp-image-295\" src=\"http:\/\/lubamer.com\/wp-content\/uploads\/2018\/03\/Taller-Horrible-1024x600.jpg\" alt=\"\" width=\"640\" height=\"375\" srcset=\"http:\/\/lubamer.com\/wp-content\/uploads\/2018\/03\/Taller-Horrible-1024x600.jpg 1024w, http:\/\/lubamer.com\/wp-content\/uploads\/2018\/03\/Taller-Horrible-300x176.jpg 300w, http:\/\/lubamer.com\/wp-content\/uploads\/2018\/03\/Taller-Horrible-768x450.jpg 768w\" sizes=\"(max-width: 640px) 100vw, 640px\" \/><\/p>\n<p>&nbsp;<\/p>\n<p><strong>\u00a1\u00bfPORQUE NO VE A MUCHOS MECANICOS DESHACERSE DEL ACEITE SUCIO?!<\/strong><\/p>\n<p>Es muy probable que muchos los revenden para despu\u00e9s ser reciclados y preparados para su re comercializaci\u00f3n. Aceites reciclados son muy malos para su motorizado. Causan m\u00e1s estr\u00e9s al motor o transmisi\u00f3n lo cual aumenta el desgaste y por ultimo termina pagando m\u00e1s por los 10 o 20 bolivianos por bote que se ahorr\u00f3. Como puede observar en las fotos a continuaci\u00f3n siendo este el Quality Golden. Su empaque esta fabricado en Bolivia. \u00bfComo un aceite de origen \u201cMexicano\u201d tiene un empaque hecho en Bolivia? Tampoco cuenta con un c\u00f3digo de fabricaci\u00f3n. \u00a1Lo cual muchas marcas de aceites Originales si los tienen!<\/p>\n<p><img loading=\"lazy\" class=\"alignnone size-full wp-image-296\" src=\"http:\/\/lubamer.com\/wp-content\/uploads\/2018\/03\/QGolden.jpg\" alt=\"\" width=\"2667\" height=\"2000\" srcset=\"http:\/\/lubamer.com\/wp-content\/uploads\/2018\/03\/QGolden.jpg 2667w, http:\/\/lubamer.com\/wp-content\/uploads\/2018\/03\/QGolden-300x225.jpg 300w, http:\/\/lubamer.com\/wp-content\/uploads\/2018\/03\/QGolden-768x576.jpg 768w, http:\/\/lubamer.com\/wp-content\/uploads\/2018\/03\/QGolden-1024x768.jpg 1024w\" sizes=\"(max-width: 2667px) 100vw, 2667px\" \/><\/p>\n<p>&nbsp;<\/p>\n<p><img loading=\"lazy\" class=\"alignnone size-large wp-image-289\" src=\"http:\/\/lubamer.com\/wp-content\/uploads\/2018\/03\/aCEITE-R-1024x576.jpg\" alt=\"\" width=\"640\" height=\"360\" srcset=\"http:\/\/lubamer.com\/wp-content\/uploads\/2018\/03\/aCEITE-R-1024x576.jpg 1024w, http:\/\/lubamer.com\/wp-content\/uploads\/2018\/03\/aCEITE-R-300x169.jpg 300w, http:\/\/lubamer.com\/wp-content\/uploads\/2018\/03\/aCEITE-R-768x432.jpg 768w, http:\/\/lubamer.com\/wp-content\/uploads\/2018\/03\/aCEITE-R.jpg 1920w\" sizes=\"(max-width: 640px) 100vw, 640px\" \/><\/p>\n<p><strong>\u00bfCOMO EVITAR SER ENGA\u00d1ADO?<\/strong><\/p>\n<p>-Revise su manual, el cual normalmente est\u00e1 ubicado en su guantera. Este es muy importante ya que el\u00a0manual sabe mejor que un mec\u00e1nico en cuanto a que aceite y el tiempo que se deber\u00e1 cambiar el aceite a su veh\u00edculo. Revise que el c\u00f3digo del aceite por ejemplo 5w30 coordine con las especificaciones que requiere su veh\u00edculo cuando est\u00e9 haciendo el cambio.<\/p>\n<p>-F\u00edjese que el empaquetado no est\u00e9 abierto o tenga datos sospechosos. Si viene de turril es mejor que le d\u00e9 un buen descuento y f\u00edjese que el turril tenga datos impresos al lado del c\u00f3digo del aceite.<\/p>\n<ul>\n<li>-Dependiendo a su veh\u00edculo un buen mec\u00e1nico solo pedir\u00e1 retornar su veh\u00edculo cuando sea necesario. \u00d3sea si es un aceite com\u00fan cada 5000km si es un aceite semi sint\u00e9tico cada 8000km y si es un aceite full sint\u00e9tico puede ser hasta 15000km.<\/li>\n<li><em>Valores estimados var\u00edan por modelo del veh\u00edculo<\/em><\/li>\n<li>A menos que usted exija uno en particular. Un Lubricentro que le hace un cambio de aceite al motor no debera buscar cambiarle su liquido de transmisi\u00f3n, liquido de direcci\u00f3n hidr\u00e1ulica, su filtro de aire, su liquido de freno, \u00a1o sus llantas! Los que si buscan cambiarle estos son mec\u00e1nicos deshonestos que tratan de hallar cualquier desperfecto al carro para despu\u00e9s atacar su bolsillo y cobrarle un ojo de la cara. Incluso ganando comisi\u00f3n por la venta de sus aceites los cuales normalmente son de baja y mala calidad. En los peores casos no saben lo que hacen y terminan arruinando su veh\u00edculo, ya que cambiar estos l\u00edquidos es mucho m\u00e1s complicado.\u00a0 Si quiere hacer el cambio de partes m\u00e1s complicadas a su veh\u00edculo tiene que llevarlo a un taller especializado donde todo este computarizado por esc\u00e1ner ya que ellos van a poder ayudarlo mejor.<\/li>\n<li>-Mantener un cronograma de las revisiones que le hizo o le hicieron a su veh\u00edculo as\u00ed tiene en cuenta que clase de mantenimiento le toca y no se hace enga\u00f1ar por un mec\u00e1nico deshonesto.<\/li>\n<li><em>Esto es un ejemplo. No tomar estos valores en cuenta<\/em><\/li>\n<\/ul>\n<ul>\n<li><img loading=\"lazy\" class=\"alignnone size-large wp-image-291\" src=\"http:\/\/lubamer.com\/wp-content\/uploads\/2018\/03\/Cronograma-851x1024.jpg\" alt=\"\" width=\"640\" height=\"770\" srcset=\"http:\/\/lubamer.com\/wp-content\/uploads\/2018\/03\/Cronograma-851x1024.jpg 851w, http:\/\/lubamer.com\/wp-content\/uploads\/2018\/03\/Cronograma-249x300.jpg 249w, http:\/\/lubamer.com\/wp-content\/uploads\/2018\/03\/Cronograma-768x924.jpg 768w, http:\/\/lubamer.com\/wp-content\/uploads\/2018\/03\/Cronograma-350x420.jpg 350w, http:\/\/lubamer.com\/wp-content\/uploads\/2018\/03\/Cronograma.jpg 1500w\" sizes=\"(max-width: 640px) 100vw, 640px\" \/><\/li>\n<\/ul>\n<p>Si tiene cualquier duda no dude enviarme un correo a<\/p>\n<p>info@lubamer.com<\/p>\n<p>Tags:Lubricantes advierte falsos bolivia Aceites reciclados bolivia Quality Optimus Quality Golden Quality Super Quality Autotech Quality Suprema Quality Premium.<\/p>\n","protected":false},"excerpt":{"rendered":"<p>Este articulo busca informar al p\u00fablico Boliviano de cuan corrupto es el mercado automotor en cuanto a lubricantes. Esta informaci\u00f3n no solo es para nuestro producto sino tambi\u00e9n ayudara a identificar otro tipo de Aceites e Hidr\u00e1ulicos Americanos. Dado que el nuestro no es el \u00fanico siendo imitado en el mercado, obviado por otras marcas [&hellip;]<\/p>\n","protected":false},"author":1,"featured_media":0,"parent":0,"menu_order":0,"comment_status":"closed","ping_status":"closed","template":"","meta":[],"_links":{"self":[{"href":"http:\/\/lubamer.com\/index.php?rest_route=\/wp\/v2\/pages\/280"}],"collection":[{"href":"http:\/\/lubamer.com\/index.php?rest_route=\/wp\/v2\/pages"}],"about":[{"href":"http:\/\/lubamer.com\/index.php?rest_route=\/wp\/v2\/types\/page"}],"author":[{"embeddable":true,"href":"http:\/\/lubamer.com\/index.php?rest_route=\/wp\/v2\/users\/1"}],"replies":[{"embeddable":true,"href":"http:\/\/lubamer.com\/index.php?rest_route=%2Fwp%2Fv2%2Fcomments&post=280"}],"version-history":[{"count":16,"href":"http:\/\/lubamer.com\/index.php?rest_route=\/wp\/v2\/pages\/280\/revisions"}],"predecessor-version":[{"id":306,"href":"http:\/\/lubamer.com\/index.php?rest_route=\/wp\/v2\/pages\/280\/revisions\/306"}],"wp:attachment":[{"href":"http:\/\/lubamer.com\/index.php?rest_route=%2Fwp%2Fv2%2Fmedia&parent=280"}],"curies":[{"name":"wp","href":"https:\/\/api.w.org\/{rel}","templated":true}]}}