{"id":155,"date":"2017-08-10T14:49:56","date_gmt":"2017-08-10T14:49:56","guid":{"rendered":"http:\/\/lubamer.com\/?post_type=product&#038;p=155"},"modified":"2017-08-10T14:50:21","modified_gmt":"2017-08-10T14:50:21","slug":"aceite-15w-40","status":"publish","type":"product","link":"http:\/\/lubamer.com\/?product=aceite-15w-40","title":{"rendered":"Balde Aceite 15W-40"},"content":{"rendered":"<p>El\u00a0<b>Aceite 15w40<\/b>\u00a0es un accesorio b\u00e1sico para el funcionamiento del motor de tu\u00a0<b>autom\u00f3vil<\/b>, debido a que te garantiza la lubricaci\u00f3n del sistema de combusti\u00f3n interna. De la misma manera, se trata de un l\u00edquido\u00a0<b>mineral<\/b>\u00a0que terminar\u00e1 por reducir la fricci\u00f3n entre las diferentes piezas m\u00f3viles, adem\u00e1s de que te ayuda a evitar la corrosi\u00f3n y a reducir la temperatura mediante la disipaci\u00f3n del calor.<\/p>\n","protected":false},"excerpt":{"rendered":"<p>El\u00a0Aceite 15w40\u00a0es un accesorio b\u00e1sico para el funcionamiento del motor de tu\u00a0autom\u00f3vil, debido a que te garantiza la lubricaci\u00f3n del sistema de combusti\u00f3n interna. De la misma manera, se trata de un l\u00edquido\u00a0mineral\u00a0que terminar\u00e1 por reducir la fricci\u00f3n entre las diferentes piezas m\u00f3viles, adem\u00e1s de que te ayuda a evitar la corrosi\u00f3n y a reducir [&hellip;]<\/p>\n","protected":false},"featured_media":158,"template":"","meta":[],"_links":{"self":[{"href":"http:\/\/lubamer.com\/index.php?rest_route=\/wp\/v2\/product\/155"}],"collection":[{"href":"http:\/\/lubamer.com\/index.php?rest_route=\/wp\/v2\/product"}],"about":[{"href":"http:\/\/lubamer.com\/index.php?rest_route=\/wp\/v2\/types\/product"}],"wp:featuredmedia":[{"embeddable":true,"href":"http:\/\/lubamer.com\/index.php?rest_route=\/wp\/v2\/media\/158"}],"wp:attachment":[{"href":"http:\/\/lubamer.com\/index.php?rest_route=%2Fwp%2Fv2%2Fmedia&parent=155"}],"curies":[{"name":"wp","href":"https:\/\/api.w.org\/{rel}","templated":true}]}}