{"id":164,"date":"2017-08-10T15:04:10","date_gmt":"2017-08-10T15:04:10","guid":{"rendered":"http:\/\/lubamer.com\/?post_type=product&#038;p=164"},"modified":"2017-08-10T15:04:10","modified_gmt":"2017-08-10T15:04:10","slug":"balde-aceite-aw-68","status":"publish","type":"product","link":"http:\/\/lubamer.com\/?product=balde-aceite-aw-68","title":{"rendered":"Balde Aceite AW-68"},"content":{"rendered":"<p class=\"infoDetalle\">AW 68, es un aceite para sistema de circulaci\u00f3n\u00a0que cumple y excede con las caracter\u00edsticas requeridas\u00a0para los sistemas hidr\u00e1ulicos recomendados por los \u00a0fabricantes de equipo original, donde se especifique un\u00a0aceite determinado.<\/p>\n<h2 class=\"subTitInfo\">BENEFICIOS<\/h2>\n<p class=\"infoDetalle\">Excelente estabilidad Hidrol\u00edtica<\/p>\n<p>Compatible con partes met\u00e1licas compuestas principalmente de Zinc.<\/p>\n<p>Resistencia superior a la oxidaci\u00f3n que evita la formaci\u00f3n de lodos y compuestos \u00e1cidos altamente corrosivos.<\/p>\n<p>Compatibilidad con elast\u00f3meros y retenes.<\/p>\n","protected":false},"excerpt":{"rendered":"<p>AW 68, es un aceite para sistema de circulaci\u00f3n\u00a0que cumple y excede con las caracter\u00edsticas requeridas\u00a0para los sistemas hidr\u00e1ulicos recomendados por los \u00a0fabricantes de equipo original, donde se especifique un\u00a0aceite determinado. BENEFICIOS Excelente estabilidad Hidrol\u00edtica Compatible con partes met\u00e1licas compuestas principalmente de Zinc. Resistencia superior a la oxidaci\u00f3n que evita la formaci\u00f3n de lodos y [&hellip;]<\/p>\n","protected":false},"featured_media":161,"template":"","meta":[],"_links":{"self":[{"href":"http:\/\/lubamer.com\/index.php?rest_route=\/wp\/v2\/product\/164"}],"collection":[{"href":"http:\/\/lubamer.com\/index.php?rest_route=\/wp\/v2\/product"}],"about":[{"href":"http:\/\/lubamer.com\/index.php?rest_route=\/wp\/v2\/types\/product"}],"wp:featuredmedia":[{"embeddable":true,"href":"http:\/\/lubamer.com\/index.php?rest_route=\/wp\/v2\/media\/161"}],"wp:attachment":[{"href":"http:\/\/lubamer.com\/index.php?rest_route=%2Fwp%2Fv2%2Fmedia&parent=164"}],"curies":[{"name":"wp","href":"https:\/\/api.w.org\/{rel}","templated":true}]}}