{"id":262,"date":"2018-02-27T15:01:52","date_gmt":"2018-02-27T15:01:52","guid":{"rendered":"http:\/\/lubamer.com\/?post_type=product&#038;p=262"},"modified":"2018-02-27T15:16:54","modified_gmt":"2018-02-27T15:16:54","slug":"aceite-premium-5w30","status":"publish","type":"product","link":"http:\/\/lubamer.com\/?product=aceite-premium-5w30","title":{"rendered":"Aceite Premium 5W30"},"content":{"rendered":"<p>Los aceites LubriGold Full Synthetic GF-5 \/ SN Motor cumplen o exceden el<br \/>\nrequisitos de GM 6094M (SAE 0W-20, 5W-20, 5W-30, 10W-30)<br \/>\nFord WSS-M2C945-A (SAE 5W-20) y WSS-M2C946-A (SAE 5W-30),<br \/>\nChrysler MS-6395 (SAE 0W-20, 5W-20, 5W-30, 10W-30). Toyota<br \/>\ny Honda (SAE 0W-20, SAE 5W-20, SAE 5W-30 y SAE 10W-30).<br \/>\nTodos los grados cumplen o superan la Categor\u00eda de Servicio API SN, SM, SL, SJ y<br \/>\ncumplir con los requisitos de ILSAC GF-5.<br \/>\n<strong>Beneficios<\/strong><br \/>\n-Nuestro m\u00e1s alto nivel de protecci\u00f3n para la estabilidad t\u00e9rmica y de oxidaci\u00f3n<br \/>\n-Formulado para condiciones extremas de conducci\u00f3n<br \/>\n-Supera las mezclas convencionales y sint\u00e9ticas<br \/>\n-Excelente rendimiento a bajas y altas temperaturas<br \/>\n-ILSAC GF-5 Retenci\u00f3n de recursos<\/p>\n","protected":false},"excerpt":{"rendered":"<p>Los aceites LubriGold Full Synthetic GF-5 \/ SN Motor cumplen o exceden el requisitos de GM 6094M (SAE 0W-20, 5W-20, 5W-30, 10W-30) Ford WSS-M2C945-A (SAE 5W-20) y WSS-M2C946-A (SAE 5W-30), Chrysler MS-6395 (SAE 0W-20, 5W-20, 5W-30, 10W-30). Toyota y Honda (SAE 0W-20, SAE 5W-20, SAE 5W-30 y SAE 10W-30). Todos los grados cumplen o superan [&hellip;]<\/p>\n","protected":false},"featured_media":265,"template":"","meta":[],"_links":{"self":[{"href":"http:\/\/lubamer.com\/index.php?rest_route=\/wp\/v2\/product\/262"}],"collection":[{"href":"http:\/\/lubamer.com\/index.php?rest_route=\/wp\/v2\/product"}],"about":[{"href":"http:\/\/lubamer.com\/index.php?rest_route=\/wp\/v2\/types\/product"}],"wp:featuredmedia":[{"embeddable":true,"href":"http:\/\/lubamer.com\/index.php?rest_route=\/wp\/v2\/media\/265"}],"wp:attachment":[{"href":"http:\/\/lubamer.com\/index.php?rest_route=%2Fwp%2Fv2%2Fmedia&parent=262"}],"curies":[{"name":"wp","href":"https:\/\/api.w.org\/{rel}","templated":true}]}}