{"id":41,"date":"2017-08-04T19:42:41","date_gmt":"2017-08-04T19:42:41","guid":{"rendered":"http:\/\/lubamer.com\/?post_type=product&#038;p=41"},"modified":"2017-08-07T21:39:32","modified_gmt":"2017-08-07T21:39:32","slug":"quality-supreme-tipo-a","status":"publish","type":"product","link":"http:\/\/lubamer.com\/?product=quality-supreme-tipo-a","title":{"rendered":"Aceite Quality Supreme Tipo &#8220;A&#8221;"},"content":{"rendered":"<p>El aceite para la transmisi\u00f3n autom\u00e1tica ATF, es el m\u00e1s complejo de todos los fluidos lubricantes. No solamente este debe reducir la fricci\u00f3n para prevenir el desgaste como todos los lubricantes, sino que tambi\u00e9n tiene que permitir un cierto nivel de fricci\u00f3n para que los materiales de las bandas y embragues se enganchen suavemente sin desgaste prematuro. Adicionalmente el ATF debe ser compatible con todos los componentes de la transmisi\u00f3n, operar a baja y alta temperatura extrema y mantener un performance constante durante un extenso per\u00edodo.<\/p>\n<p>&nbsp;<\/p>\n","protected":false},"excerpt":{"rendered":"<p>El aceite para la transmisi\u00f3n autom\u00e1tica ATF, es el m\u00e1s complejo de todos los fluidos lubricantes. No solamente este debe reducir la fricci\u00f3n para prevenir el desgaste como todos los lubricantes, sino que tambi\u00e9n tiene que permitir un cierto nivel de fricci\u00f3n para que los materiales de las bandas y embragues se enganchen suavemente sin [&hellip;]<\/p>\n","protected":false},"featured_media":45,"template":"","meta":[],"_links":{"self":[{"href":"http:\/\/lubamer.com\/index.php?rest_route=\/wp\/v2\/product\/41"}],"collection":[{"href":"http:\/\/lubamer.com\/index.php?rest_route=\/wp\/v2\/product"}],"about":[{"href":"http:\/\/lubamer.com\/index.php?rest_route=\/wp\/v2\/types\/product"}],"wp:featuredmedia":[{"embeddable":true,"href":"http:\/\/lubamer.com\/index.php?rest_route=\/wp\/v2\/media\/45"}],"wp:attachment":[{"href":"http:\/\/lubamer.com\/index.php?rest_route=%2Fwp%2Fv2%2Fmedia&parent=41"}],"curies":[{"name":"wp","href":"https:\/\/api.w.org\/{rel}","templated":true}]}}