{"id":55,"date":"2017-08-05T01:34:33","date_gmt":"2017-08-05T01:34:33","guid":{"rendered":"http:\/\/lubamer.com\/?post_type=product&#038;p=55"},"modified":"2017-08-07T21:46:04","modified_gmt":"2017-08-07T21:46:04","slug":"lubrigold-aceite-de-transmision-cvt","status":"publish","type":"product","link":"http:\/\/lubamer.com\/?product=lubrigold-aceite-de-transmision-cvt","title":{"rendered":"Lubrigold Aceite de transmision CVT"},"content":{"rendered":"<p>La Transmisi\u00f3n de Variaci\u00f3n Continua (CVT) no contiene engranajes. Contiene un sistema de correas o discos para pasar torque y velocidad a las ruedas de acuerdo a la necesidad del momento, controlado por una computadora y sensores electr\u00f3nicos.<\/p>\n<p>Las ventajas de la CVT para los pasajeros es que no tiene movimientos bruscos. Por no tener engranajes y embragues, la aceleraci\u00f3n es constante y directa. La ventaja para el due\u00f1o es que la velocidad del motor est\u00e1 controlada a su punto de eficiencia m\u00e1xima para la aceleraci\u00f3n que demanda al conductor. Esto minimiza el consumo de combustible y mejora la emisi\u00f3n de gases de escape.<\/p>\n","protected":false},"excerpt":{"rendered":"<p>La Transmisi\u00f3n de Variaci\u00f3n Continua (CVT) no contiene engranajes. Contiene un sistema de correas o discos para pasar torque y velocidad a las ruedas de acuerdo a la necesidad del momento, controlado por una computadora y sensores electr\u00f3nicos. Las ventajas de la CVT para los pasajeros es que no tiene movimientos bruscos. Por no tener [&hellip;]<\/p>\n","protected":false},"featured_media":57,"template":"","meta":[],"_links":{"self":[{"href":"http:\/\/lubamer.com\/index.php?rest_route=\/wp\/v2\/product\/55"}],"collection":[{"href":"http:\/\/lubamer.com\/index.php?rest_route=\/wp\/v2\/product"}],"about":[{"href":"http:\/\/lubamer.com\/index.php?rest_route=\/wp\/v2\/types\/product"}],"wp:featuredmedia":[{"embeddable":true,"href":"http:\/\/lubamer.com\/index.php?rest_route=\/wp\/v2\/media\/57"}],"wp:attachment":[{"href":"http:\/\/lubamer.com\/index.php?rest_route=%2Fwp%2Fv2%2Fmedia&parent=55"}],"curies":[{"name":"wp","href":"https:\/\/api.w.org\/{rel}","templated":true}]}}