{"id":91,"date":"2017-08-07T00:03:09","date_gmt":"2017-08-07T00:03:09","guid":{"rendered":"http:\/\/lubamer.com\/?post_type=product&#038;p=91"},"modified":"2019-10-16T23:38:54","modified_gmt":"2019-10-16T23:38:54","slug":"silicona-automotriz-roja-americana","status":"publish","type":"product","link":"http:\/\/lubamer.com\/?product=silicona-automotriz-roja-americana","title":{"rendered":"Silicona Versachem Automotriz Roja Americana"},"content":{"rendered":"<p align=\"justify\">Es una silicona de alto rendimiento de curado por humedad que seca como un caucho de silicona fuerte que mantiene la durabilidad y la flexibilidad a largo plazo.<br \/>\nExcelente para el llenado, sellado, pegado o resistencia a la intemperie.<br \/>\nResiste el envejecimiento y la intemperie.<br \/>\nNo se endurece, reduce o grieta.<\/p>\n<ul class=\"ficha\">\n<li><\/li>\n<li><span style=\"color: #da251c;\"><strong>CARACTERISTICAS:<\/strong><\/span><\/li>\n<li>\n<p align=\"left\">&#8211; Resistente al agua<br \/>\n&#8211; El tiempo de curado: 12-24 Horas<br \/>\n&#8211; Rango de temperatura: Continua: -53\u00b0C a 232\u00b0C, Intermitente: -53\u00b0C a 343\u00b0C<br \/>\n&#8211; Producto qu\u00edmico resistente al aceite, agua y mezclas anticongelantes<\/p>\n<\/li>\n<li><span style=\"color: #da251c;\"><strong>USOS:<\/strong><\/span><\/li>\n<li>\n<p align=\"justify\">Rendimiento \u00f3ptimo en: Juntas de tapas de v\u00e1lvulas, bombas de agua, dep\u00f3sitos de aceite, tapas laterales traseras, termostatos.<\/p>\n<\/li>\n<\/ul>\n","protected":false},"excerpt":{"rendered":"<p>Es una silicona de alto rendimiento de curado por humedad que seca como un caucho de silicona fuerte que mantiene la durabilidad y la flexibilidad a largo plazo. Excelente para el llenado, sellado, pegado o resistencia a la intemperie. Resiste el envejecimiento y la intemperie. No se endurece, reduce o grieta. CARACTERISTICAS: &#8211; Resistente al [&hellip;]<\/p>\n","protected":false},"featured_media":90,"template":"","meta":[],"_links":{"self":[{"href":"http:\/\/lubamer.com\/index.php?rest_route=\/wp\/v2\/product\/91"}],"collection":[{"href":"http:\/\/lubamer.com\/index.php?rest_route=\/wp\/v2\/product"}],"about":[{"href":"http:\/\/lubamer.com\/index.php?rest_route=\/wp\/v2\/types\/product"}],"wp:featuredmedia":[{"embeddable":true,"href":"http:\/\/lubamer.com\/index.php?rest_route=\/wp\/v2\/media\/90"}],"wp:attachment":[{"href":"http:\/\/lubamer.com\/index.php?rest_route=%2Fwp%2Fv2%2Fmedia&parent=91"}],"curies":[{"name":"wp","href":"https:\/\/api.w.org\/{rel}","templated":true}]}}